{"id":1982,"date":"2020-10-06T11:00:16","date_gmt":"2020-10-06T09:00:16","guid":{"rendered":"https:\/\/sportkoper.si\/predstavitev\/"},"modified":"2023-06-01T10:56:52","modified_gmt":"2023-06-01T08:56:52","slug":"presentazione","status":"publish","type":"page","link":"https:\/\/sportkoper.si\/it\/presentazione\/","title":{"rendered":"Presentazione"},"content":{"rendered":"<p>L\u2019Istituto \u00e8 una persona giuridica indipendente, con diritti, obblighi e responsabilit\u00e0 determinati dalla Legge sugli enti (Gazzetta ufficiale RS n. 12\/91, 8\/96), dal decreto sulle modifiche e integrazioni al decreto sull\u2019istituzione dell\u2019Istituto pubblico per lo Sport della citt\u00e0 di Capodistria (Pubblicazioni ufficiali nn. 40\/2000, 30\/2001 e 29\/2003 e Gazzetta Ufficiale della Repubblica di Slovenia nn. 90\/05, 67\/06 e 39\/08) dello Statuto e da altri regolamenti.<\/p>\n<h4>L\u2019Istituto \u00e8 stato istituito con il decreto di istituzione dell\u2019ente pubblico per lo sport del Comune citt\u00e0 di Capodistria (pubblicazioni ufficiali, n. 33\/03) come:<\/h4>\n<ul>\n<li>un istituto per lo svolgimento di attivit\u00e0 amministrative, professionali, organizzative, tecniche e di altro tipo nel campo dello sport e della giovent\u00f9, con l\u2019obiettivo di attuare programmi nazionali e municipali nell\u2019area del Comune citt\u00e0 di Capodistria;<\/li>\n<li>un istituto per la gestione degli impianti, che, in base al decreto di determinazione degli impianti sportivi pubblici e giovanili di importanza comunale nel Comune citt\u00e0 di Capodistria, sono designati come impianti sportivi pubblici di importanza comunale di propriet\u00e0 del fondatore.<\/li>\n<\/ul>\n<div class='gallery layout-grid-2'><a href='https:\/\/sportkoper.si\/wp-content\/uploads\/2020\/10\/Sportni-park-Bonifika_UKKphoto-0138-scaled.jpg' data-fancybox='gallery-1982'>\n                            <img src='https:\/\/sportkoper.si\/wp-content\/uploads\/2020\/10\/Sportni-park-Bonifika_UKKphoto-0138-scaled.jpg' \/>\n                         <\/a><a href='https:\/\/sportkoper.si\/wp-content\/uploads\/2020\/10\/Nogometni-Stadion-Bonifika_UKKphoto-0173-scaled.jpg' data-fancybox='gallery-1982'>\n                            <img src='https:\/\/sportkoper.si\/wp-content\/uploads\/2020\/10\/Nogometni-Stadion-Bonifika_UKKphoto-0173-scaled.jpg' \/>\n                         <\/a><a href='https:\/\/sportkoper.si\/wp-content\/uploads\/2020\/10\/Center-sportov-na-mivki_UKKphoto-0053-scaled.jpg' data-fancybox='gallery-1982'>\n                            <img src='https:\/\/sportkoper.si\/wp-content\/uploads\/2020\/10\/Center-sportov-na-mivki_UKKphoto-0053-scaled.jpg' \/>\n                         <\/a><a href='https:\/\/sportkoper.si\/wp-content\/uploads\/2020\/10\/Kopalisce-Zusterna_UKKphoto-0002-scaled.jpg' data-fancybox='gallery-1982'>\n                            <img src='https:\/\/sportkoper.si\/wp-content\/uploads\/2020\/10\/Kopalisce-Zusterna_UKKphoto-0002-scaled.jpg' \/>\n                         <\/a><\/div>\n<h4>Con il consenso del fondatore \u2013 il consenso \u00e8 dato dal Sindaco \u2013 l\u2019istituto pu\u00f2 svolgere altres\u00ec le seguenti attivit\u00e0:<\/h4>\n<ul>\n<li>incarichi professionali e di altra natura per organizzazioni sportive senza scopo di lucro con sede nel Comune citt\u00e0 di Capodistria;<\/li>\n<li>gestione, a pagamento, di altri beni mobili ed immobili che non sono di propriet\u00e0 del fondatore, ma legati all\u2019attivit\u00e0 sportiva sulla base di un contratto specifico;<\/li>\n<li>gestione, a pagamento, di altri impianti sportivi nel territorio del Comune citt\u00e0 di Capodistria, i cui proprietari non hanno un accordo di gestione complessiva e di manutenzione regolare;<\/li>\n<li>le proprie attivit\u00e0 promozionale;<\/li>\n<li>altre attivit\u00e0 complementari all\u2019attivit\u00e0 di base dell\u2019istituto.<\/li>\n<\/ul>\n<p>&nbsp;<\/p>\n<h4>L\u2019ente \u00e8 iscritto all\u2019albo del Tribunale distrettuale di Capodistria con ordinanza n. Srg 2003\/01362 del 19\/12\/2003.<\/h4>\n<p><strong>Designazione dell&#8217;ente<br \/>\n<\/strong>Ente pubblico per lo sport del Comune Citt\u00e0 di Capodistria<br \/>\nEnte Pubblico per lo Sport e la giovent\u00f9 del Comune citt\u00e0 di Capodistria<\/p>\n<p><strong>Designazione abbreviata dell&#8217;ente<\/strong><br \/>\nEnte per lo Sport Capodistria<\/p>\n<p><strong>Sede dell&#8217;ente<br \/>\n<\/strong>Strada Zora Perello-Godina 3, Capodistria<\/p>\n<p>&nbsp;<\/p>\n<h4>L&#8217;ente gestisce<\/h4>\n<ul>\n<li>Parco sportivo Bonifika,<\/li>\n<li>Parco sportivo Dekani con poligono di tiro con l&#8217;arco,<\/li>\n<li>Centro per sport acquatici a Giusterna<\/li>\n<li>Piscina olimpionica di Giusterna con piscina aperta tutto l&#8217;anno<\/li>\n<li>Sala da bowling Giusterna<\/li>\n<li>Piscina olimpionica di Capodistria<\/li>\n<li>Centro sportivo su\u00a0 spiaggia<\/li>\n<\/ul>\n<p>L&#8217;ente \u00e8 di propriet\u00e0 del fondatore. L&#8217;ente ha il diritto di gestire i beni acquisiti dal fondatore per l&#8217;inizio dei lavori e di disporre dei fondi per l&#8217;opera dell&#8217;istituto. L&#8217;ente \u00e8 obbligato ad operare secondo il principio della buona amministrazione ed \u00e8 responsabile nei confronti del fondatore della gestione del patrimonio in base alla legge.<\/p>\n<p>In quanto persona giuridica, l&#8217;Istituto agisce in negozi giuridici a nome proprio e per il proprio conto. \u00c8 responsabile dei suoi obblighi fino all&#8217;importo dei fondi a sua disposizione. L&#8217;ente dispone autonomamente dei beni mobili ed immobili solo con il previo assenso del fondatore, in favore del quale il consiglio comunale d\u00e0 il consenso.<\/p>\n<p>&nbsp;<\/p>\n<h4>Consiglio dell&#8217;ente<\/h4>\n<p>Il consiglio dell&#8217;ente \u00e8 composto da 5 membri<\/p>\n<ul>\n<li>3 rappresentanti del fondatore, nominati dal Consiglio Comunale del Comune citt\u00e0 di Capodistria<\/li>\n<li>1 rappresentante dei dipendenti dell&#8217;ente<\/li>\n<li>1 rappresentante dei fornitori del programma sportivo annuale nel Comune citt\u00e0 di Capodistria<\/li>\n<\/ul>\n<p>La durata in carica dei membri \u00e8 di 4 anni e, al termine del mandato, possono essere rieletti o nominati. Le competenze del consiglio d&#8217;istituto sono definite nello statuto dell&#8217;ente.<\/p>\n<p>&nbsp;<\/p>\n<h4>Direttore dell&#8217;ente<\/h4>\n<p>Rappresenta l&#8217;ente nell&#8217;ambito dei poteri che gli sono conferiti dalla legge, dal decreto di costituzione dell&#8217;ente per lo sport pubblico del Comune citt\u00e0 di Capodistria e dalle disposizioni dello statuto dell&#8217;ente.<\/p>\n","protected":false},"excerpt":{"rendered":"<p>L\u2019Istituto \u00e8 una persona giuridica indipendente, con diritti, obblighi e responsabilit\u00e0 determinati dalla Legge sugli enti (Gazzetta ufficiale RS n. 12\/91, 8\/96), dal decreto sulle modifiche e integrazioni al decreto sull\u2019istituzione dell\u2019Istituto pubblico per lo Sport della citt\u00e0 di Capodistria (Pubblicazioni ufficiali nn. 40\/2000, 30\/2001 e 29\/2003 e Gazzetta Ufficiale della Repubblica di Slovenia nn.<\/p>\n","protected":false},"author":16,"featured_media":526,"parent":0,"menu_order":0,"comment_status":"closed","ping_status":"closed","template":"page-templates\/right-sidebarpage.php","meta":{"_acf_changed":false,"inline_featured_image":false,"footnotes":""},"class_list":["post-1982","page","type-page","status-publish","has-post-thumbnail","hentry"],"acf":[],"_links":{"self":[{"href":"https:\/\/sportkoper.si\/it\/wp-json\/wp\/v2\/pages\/1982","targetHints":{"allow":["GET"]}}],"collection":[{"href":"https:\/\/sportkoper.si\/it\/wp-json\/wp\/v2\/pages"}],"about":[{"href":"https:\/\/sportkoper.si\/it\/wp-json\/wp\/v2\/types\/page"}],"author":[{"embeddable":true,"href":"https:\/\/sportkoper.si\/it\/wp-json\/wp\/v2\/users\/16"}],"replies":[{"embeddable":true,"href":"https:\/\/sportkoper.si\/it\/wp-json\/wp\/v2\/comments?post=1982"}],"version-history":[{"count":0,"href":"https:\/\/sportkoper.si\/it\/wp-json\/wp\/v2\/pages\/1982\/revisions"}],"wp:featuredmedia":[{"embeddable":true,"href":"https:\/\/sportkoper.si\/it\/wp-json\/wp\/v2\/media\/526"}],"wp:attachment":[{"href":"https:\/\/sportkoper.si\/it\/wp-json\/wp\/v2\/media?parent=1982"}],"curies":[{"name":"wp","href":"https:\/\/api.w.org\/{rel}","templated":true}]}}