{"id":1986,"date":"2020-10-06T11:00:23","date_gmt":"2020-10-06T09:00:23","guid":{"rendered":"https:\/\/sportkoper.si\/zaposleni\/"},"modified":"2023-06-01T10:36:24","modified_gmt":"2023-06-01T08:36:24","slug":"dipendenti","status":"publish","type":"page","link":"https:\/\/sportkoper.si\/it\/dipendenti\/","title":{"rendered":"Dipendenti"},"content":{"rendered":"<p><section class=\"kc-elm kc-css-590778 kc_row\"><div class=\" container\"><div class=\"row\"><div class=\"kc-elm kc-css-519064 col-12 col-sm-12 column\"><div class=\"kc-col-container\">\n<div class=\"kc-elm kc-css-617716 kc-title-wrap \">\n\n\t<h3 class=\"kc_title\">Direzione dell'ente<\/h3>\n<\/div>\n\n<div class=\"kc-elm kc-css-668052 kc-title-wrap \">\n\n\t<h5 class=\"kc_title\">Du\u0161ko Mad\u017earovi\u0107<\/h5>\n<\/div>\n<div class=\"kc-elm kc-css-23583 kc_text_block\"><\/p>\n<p style=\"text-align: left;\">Direttore<br \/>E: <a href=\"mailto:dusko.madzarovic@sportkoper.si\">dusko.madzarovic@sportkoper.si<\/a><br \/>M: +386 41 353 880<br \/>T: +386 (0)5 614 60 12<\/p>\n<p>\n<\/div>\n<div class=\"kc-elm kc-css-224328 kc-title-wrap \">\n\n\t<h5 class=\"kc_title\">Ester Rakar<\/h5>\n<\/div>\n<div class=\"kc-elm kc-css-393550 kc_text_block\"><\/p>\n<p>Segreteria dell&#039;ente<br \/>E: <a href=\"mailto:ester.rakar@sportkoper.si\" target=\"_blank\" rel=\"noopener noreferrer\">ester.rakar@sportkoper.si<\/a><br \/>E: <a href=\"mailto:tajnistvo@sportkoper.si\" target=\"_blank\" rel=\"noopener noreferrer\">tajnistvo@sportkoper.si<\/a><br \/>M: +386 31 546 598<br \/>T: +386 (0)5 614 60 12<\/p>\n<p>\n<\/div><\/div><\/div><\/div><\/div><\/section><section class=\"kc-elm kc-css-115829 kc_row\"><div class=\" container\"><div class=\"row\"><div class=\"kc-elm kc-css-665289 col-12 col-sm-12 column\"><div class=\"kc-col-container\">\n<div class=\"kc-elm kc-css-561011 kc-title-wrap \">\n\n\t<h3 class=\"kc_title\">Dipartimento per gli affari generali, finanziari e risorse umane<\/h3>\n<\/div>\n\n<div class=\"kc-elm kc-css-964494 kc-title-wrap \">\n\n\t<h5 class=\"kc_title\">Robert Zonta<\/h5>\n<\/div>\n<div class=\"kc-elm kc-css-96483 kc_text_block\"><\/p>\n<p>Per autorizzazione, il capo del dipartimento \u2013 Consulente regionale I<br \/>E: <a href=\"mailto:robert.zonta@sportkoper.si\">robert.zonta@sportkoper.si<\/a><br \/>M: +386 41 377 883<br \/>T: +386 (0)5 614 60 14<\/p>\n<p>\n<\/div>\n<div class=\"kc-elm kc-css-537401 kc-title-wrap \">\n\n\t<h5 class=\"kc_title\">Borut Male\u0161evi\u010d<\/h5>\n<\/div>\n<div class=\"kc-elm kc-css-147195 kc_text_block\"><\/p>\n<p>Consulente del settore II<br \/>E: <a href=\"mailto:borut.malesevic@sportkoper.si\">borut.malesevic@sportkoper.si<\/a><br \/>M: +386 31 597 503<br \/>T: +386 (0)5 614 60 13<\/p>\n<p>\n<\/div>\n<div class=\"kc-elm kc-css-396556 kc-title-wrap \">\n\n\t<h5 class=\"kc_title\">Lavra Gori\u0161ek<\/h5>\n<\/div>\n<div class=\"kc-elm kc-css-486380 kc_text_block\"><\/p>\n<p>Finanze e contabilit\u00e0<br \/>E: <a href=\"mailto:lavra.gorisek@sportkoper.si\">lavra.gorisek@sportkoper.si<\/a><br \/>T: +386 (0)5 614 60 23<\/p>\n<p>\n<\/div>\n<div class=\"kc-elm kc-css-252088 kc-title-wrap \">\n\n\t<h5 class=\"kc_title\">Ale\u0161 \u0160epec<\/h5>\n<\/div>\n<div class=\"kc-elm kc-css-16753 kc_text_block\"><\/p>\n<p>Alto funzionario del settore I<br \/>Referente superiore<br \/>E: <a href=\"mailto:ales.sepec@sportkoper.si\">ales.sepec@sportkoper.si<\/a><br \/>M: +386 51 213 754<br \/>T: +386 (0)5 614 60 19<\/p>\n<p>\n<\/div><\/div><\/div><\/div><\/div><\/section><section class=\"kc-elm kc-css-315856 kc_row\"><div class=\" container\"><div class=\"row\"><div class=\"kc-elm kc-css-726541 col-12 col-sm-12 column\"><div class=\"kc-col-container\">\n<div class=\"kc-elm kc-css-772711 kc-title-wrap \">\n\n\t<h3 class=\"kc_title\">Dipartimento delle infrastrutture sportive<\/h3>\n<\/div>\n\n<div class=\"kc-elm kc-css-813317 kc-title-wrap \">\n\n\t<h5 class=\"kc_title\">Du\u0161an Lon\u010darevi\u0107<\/h5>\n<\/div>\n<div class=\"kc-elm kc-css-873629 kc_text_block\"><\/p>\n<p>Capo del dipartimento delle infrastrutture sportive<br \/>E: <a href=\"mailto:dusan.loncarevic@sportkoper.si\">dusan.loncarevic@sportkoper.si<\/a><br \/>M: +386 41 677 242<\/p>\n<p>\n<\/div>\n<div class=\"kc-elm kc-css-856547 kc-title-wrap \">\n\n\t<h5 class=\"kc_title\">Rok Crnica<\/h5>\n<\/div>\n<div class=\"kc-elm kc-css-453185 kc_text_block\"><\/p>\n<p>Caporeparto V (infrastruttura sportiva degli sport acquatici)<br \/>E: <a href=\"mailto:rok.crnica@sportkoper.si\" target=\"_blank\" rel=\"noopener noreferrer\">rok.crnica@sportkoper.si<\/a><br \/>M: +386 41 912 298<\/p>\n<p>\n<\/div>\n<div class=\"kc-elm kc-css-655141 kc-title-wrap \">\n\n\t<h5 class=\"kc_title\">Peter Bol\u010di\u010d<\/h5>\n<\/div>\n<div class=\"kc-elm kc-css-81451 kc_text_block\"><\/p>\n<p>Caporeparto V<br \/>E: <a href=\"mailto:peter.bolcic@sportkoper.si\">peter.bolcic@sportkoper.si<\/a><br \/>M: +386 41 622 799<\/p>\n<p>\n<\/div>\n<div class=\"kc-elm kc-css-177289 kc-title-wrap \">\n\n\t<h5 class=\"kc_title\">Aleksandar \u017divin<\/h5>\n<\/div>\n<div class=\"kc-elm kc-css-204329 kc_text_block\"><\/p>\n<p>Centro tennis \u0160P Bonifika<br \/>E: <a href=\"mailto:aleksandar.zivin@sportkoper.si\">aleksandar.zivin@sportkoper.si<\/a><br \/>M: +386 31 353 145<br \/>M: +386 51 395 002<\/p>\n<p>\n<\/div>\n<div class=\"kc-elm kc-css-180937 kc-title-wrap \">\n\n\t<h5 class=\"kc_title\">Robert Vr\u010don<\/h5>\n<\/div>\n<div class=\"kc-elm kc-css-581086 kc_text_block\"><\/p>\n<p>Responsabile della manutenzione tecnica dell&#039;Arena Bonifika<br \/>E: <a href=\"mailto:robert.vrcon@sportkoper.si\">robert.vrcon@sportkoper.si<\/a><br \/>M: +386 41 764 466<br \/>T: +386 (0)5 614 60 17<\/p>\n<p>\n<\/div><\/div><\/div><\/div><\/div><\/section><section class=\"kc-elm kc-css-737344 kc_row\"><div class=\" container\"><div class=\"row\"><div class=\"kc-elm kc-css-190648 col-12 col-sm-12 column\"><div class=\"kc-col-container\">\n<div class=\"kc-elm kc-css-856397 kc-title-wrap \">\n\n\t<h3 class=\"kc_title\">Ufficio Commerciale e Marketing<\/h3>\n<\/div>\n\n<div class=\"kc-elm kc-css-900054 kc-title-wrap \">\n\n\t<h5 class=\"kc_title\">Jasna Softi\u0107<\/h5>\n<\/div>\n<div class=\"kc-elm kc-css-547269 kc_text_block\"><\/p>\n<p>Responsabile del dipartimento marketing<br \/>E: <a href=\"mailto:dusan.loncarevic@sportkoper.si\">jasna.softic@sportkoper.si<\/a><br \/>M: +386 41 722 424<br \/>T: +386 (05) 614 60 18<\/p>\n<p>\n<\/div>\n<div class=\"kc-elm kc-css-56721 kc-title-wrap \">\n\n\t<h5 class=\"kc_title\">Nata\u0161a Matijevi\u0107 Ventin<\/h5>\n<\/div>\n<div class=\"kc-elm kc-css-867354 kc_text_block\"><\/p>\n<p>Consulente superiore del settore III<br \/>E: <a href=\"mailto:arena.bonifika@sportkoper.si\">arena.bonifika@sportkoper.si<\/a><br \/>M: +386 41 933 273<br \/>T: +386 (0)5 614 60 10<\/p>\n<p>\n<\/div>\n<div class=\"kc-elm kc-css-749357 kc-title-wrap \">\n\n\t<h5 class=\"kc_title\">Petra Ja\u0107imovi\u0107<\/h5>\n<\/div>\n<div class=\"kc-elm kc-css-381855 kc_text_block\"><\/p>\n<p>Organizzatore di programmi sportivi I<br \/>E: <a href=\"mailto:petra.jacimovic@sportkoper.si\" target=\"_blank\" rel=\"noopener noreferrer\">petra.jacimovic@sportkoper.si<\/a><br \/>M: +386 40 888 727<br \/>T: +386 (0)5 614 60 15<\/p>\n<p>\n<\/div><\/div><\/div><\/div><\/div><\/section><section class=\"kc-elm kc-css-906870 kc_row\"><div class=\" container\"><div class=\"row\"><div class=\"kc-elm kc-css-837861 col-12 col-sm-12 column\"><div class=\"kc-col-container\">\n<div class=\"kc-elm kc-css-672308 kc-title-wrap \">\n\n\t<h4 class=\"kc_title\">BONIFIKA ente per la gestione delle strutture sportive, ricreative ed economiche.<\/h4>\n<\/div>\n\n<div class=\"kc-elm kc-css-233085 kc-title-wrap \">\n\n\t<h5 class=\"kc_title\">Du\u0161ko Mad\u017earovi\u0107<\/h5>\n<\/div>\n<div class=\"kc-elm kc-css-860698 kc_text_block\"><\/p>\n<p>direttore ad interim<br \/>E: <a href=\"mailto:dusko.madzarovic@sportkoper.si\">dusko.madzarovic@sportkoper.si<\/a><br \/>M: +386 41 353 880<br \/>T: +386 (0)5 614 60 12<\/p>\n<p>\n<\/div><\/div><\/div><\/div><\/div><\/section><section class=\"kc-elm kc-css-427833 kc_row\"><div class=\" container\"><div class=\"row\"><div class=\"kc-elm kc-css-228300 col-12 col-sm-12 column\"><div class=\"kc-col-container\">\n<div class=\"kc-elm kc-css-555291 kc-title-wrap \">\n\n\t<h4 class=\"kc_title\">BONIFIKA, podjetje za organizacijo izgradnje in gospodarjenje s \u0161portnimi, rekreacijskimi in gospodarskimi objekti, d.o.o.<\/h4>\n<\/div>\n<div class=\"kc-elm kc-css-201922 kc_text_block\"><\/p>\n<p>\n<span style=\"color: #444444; font-style: inherit;\">(Upravljalec \u0161portne dvorane Arena Bonifika)<\/span><\/p>\n<p>\n<\/div>\n<div class=\"kc-elm kc-css-462324 kc-title-wrap \">\n\n\t<h5 class=\"kc_title\">Igor Hrvatin<\/h5>\n<\/div>\n<div class=\"kc-elm kc-css-222914 kc_text_block\"><\/p>\n<p>\n<strong>Direktor dru\u017ebe Bonifika d.o.o.<br \/><\/strong>E: <a href=\"mailto:igor.hrvatin@sportkoper.si\">igor.hrvatin@sportkoper.si<\/a><br \/>M: +386 671 545<\/p>\n<p>\n<\/div>\n<div class=\"kc-elm kc-css-492451 kc-title-wrap \">\n\n\t<h5 class=\"kc_title\">Nata\u0161a Matijevi\u0107<\/h5>\n<\/div>\n<div class=\"kc-elm kc-css-25798 kc_text_block\"><\/p>\n<p>\n<strong>Vodja programov in dvorane Arena Bonifika d.o.o.<br \/><\/strong>E: <a href=\"mailto:arena.bonifika@sportkoper.si\">arena.bonifika@sportkoper.si<\/a><br \/>M: +386 41 933 273<br \/>T: +386 (0)5 614 60 10<\/p>\n<p>\n<\/div>\n<div class=\"kc-elm kc-css-649013 kc-title-wrap \">\n\n\t<h5 class=\"kc_title\">Robert Vr\u010don<\/h5>\n<\/div>\n<div class=\"kc-elm kc-css-798273 kc_text_block\"><\/p>\n<p>\n<strong>Vodja vzdr\u017eevanja \u0161portne dvorane Arena Bonifika d.o.o.<br \/><\/strong>E: <a href=\"mailto:robert.vrcon@sportkoper.si\">robert.vrcon@sportkoper.si<\/a><br \/>M: +386 41 764 466<br \/>T: +386 (0)5 614 60 18<\/p>\n<p>\n<\/div><\/div><\/div><\/div><\/div><\/section><\/p>\n","protected":false},"excerpt":{"rendered":"","protected":false},"author":16,"featured_media":610,"parent":0,"menu_order":0,"comment_status":"closed","ping_status":"closed","template":"page-templates\/right-sidebarpage.php","meta":{"_acf_changed":false,"inline_featured_image":false,"footnotes":""},"class_list":["post-1986","page","type-page","status-publish","has-post-thumbnail","hentry"],"acf":[],"_links":{"self":[{"href":"https:\/\/sportkoper.si\/it\/wp-json\/wp\/v2\/pages\/1986","targetHints":{"allow":["GET"]}}],"collection":[{"href":"https:\/\/sportkoper.si\/it\/wp-json\/wp\/v2\/pages"}],"about":[{"href":"https:\/\/sportkoper.si\/it\/wp-json\/wp\/v2\/types\/page"}],"author":[{"embeddable":true,"href":"https:\/\/sportkoper.si\/it\/wp-json\/wp\/v2\/users\/16"}],"replies":[{"embeddable":true,"href":"https:\/\/sportkoper.si\/it\/wp-json\/wp\/v2\/comments?post=1986"}],"version-history":[{"count":0,"href":"https:\/\/sportkoper.si\/it\/wp-json\/wp\/v2\/pages\/1986\/revisions"}],"wp:featuredmedia":[{"embeddable":true,"href":"https:\/\/sportkoper.si\/it\/wp-json\/wp\/v2\/media\/610"}],"wp:attachment":[{"href":"https:\/\/sportkoper.si\/it\/wp-json\/wp\/v2\/media?parent=1986"}],"curies":[{"name":"wp","href":"https:\/\/api.w.org\/{rel}","templated":true}]}}