{"id":2119,"date":"2020-05-10T19:29:36","date_gmt":"2020-05-10T18:29:36","guid":{"rendered":"https:\/\/sportkoper.si\/pravno-obvestilo\/"},"modified":"2023-06-01T14:29:12","modified_gmt":"2023-06-01T12:29:12","slug":"avviso-legale","status":"publish","type":"page","link":"https:\/\/sportkoper.si\/it\/avviso-legale\/","title":{"rendered":"Avviso legale"},"content":{"rendered":"<h3>Diritti di propriet\u00e0 intellettuale<\/h3>\n<p>Il sito web, ai fini di questa comunicazione legale, si riferisce a tutte le pagine web all&#8217;indirizzo <a href=\"https:\/\/sportkoper.si\/\">www.sportkoper.si<\/a> (di seguito: il Sito). Il titolare dei diritti d&#8217;autore su tutte le opere presenti nel Sito \u00e8 l&#8217;Istituto per lo sport del Comune di Capodistria. Tutti i diritti riservati. L&#8217;utente pu\u00f2 utilizzare i contenuti del Sito esclusivamente per uso personale, cio\u00e8 non commerciale. Ogni altro utilizzo dei contenuti del Sito (come copiare, riprodurre, distribuire e simili) per scopi commerciali \u00e8 vietato.<\/p>\n<h3>Limitazione dell&#8217;uso delle informazioni e dei materiali<\/h3>\n<p>Le informazioni e i materiali visualizzati su questo Sito possono essere scaricati dall&#8217;utente dal server per un utilizzo personale e domestico, a condizione che non vengano modificati i segni dei diritti d&#8217;autore, le altre segnalazioni sui diritti di propriet\u00e0 intellettuale o le informazioni su altri diritti. \u00c8 consentito scaricare e stampare informazioni e materiali esclusivamente per la visualizzazione e la lettura a scopi non commerciali. Ogni altra forma di copia, distribuzione, ripubblicazione, modifica delle informazioni e dei materiali su <a href=\"https:\/\/sportkoper.si\/\">www.sportkoper.si<\/a> o l&#8217;invio degli stessi per posta o la diffusione in qualsiasi altro modo senza il previo consenso scritto \u00e8 vietata. \u00c8 inoltre vietato l&#8217;uso di qualsiasi elemento di <a href=\"https:\/\/sportkoper.si\/\">www.sportkoper.si<\/a> per scopi diversi da un uso strettamente personale, non commerciale e domestico. L&#8217;Istituto per lo sport del Comune di Capodistria non si assume responsabilit\u00e0 per la forma e il contenuto di siti web collegati in qualsiasi modo al sito web <a href=\"https:\/\/sportkoper.si\/\">www.sportkoper.si<\/a>. La responsabilit\u00e0 dell&#8217;Istituto per lo sport del Comune di Capodistria \u00e8 esclusa per qualsiasi visita e utilizzo di siti web collegati.<\/p>\n<h3>Limitazione di responsabilit\u00e0<\/h3>\n<p>L&#8217;Istituto per lo sport del Comune di Capodistria si impegna a fornire dati corretti e aggiornati sul Sito, tuttavia n\u00e9 l&#8217;Istituto per lo sport del Comune di Capodistria n\u00e9 altre persone giuridiche o fisiche che hanno collaborato alla realizzazione o che collaborano all&#8217;aggiornamento del Sito possono essere ritenute responsabili per danni ordinari, perdite di profitto o danni non patrimoniali che potrebbero derivare all&#8217;utente dall&#8217;utilizzo o dall&#8217;incapacit\u00e0 di utilizzare il Sito. L&#8217;Istituto per lo sport del Comune di Capodistria si impegna per garantire il corretto funzionamento del Sito, tuttavia non pu\u00f2 essere ritenuto responsabile per danni ordinari, perdite di profitto o danni non patrimoniali che potrebbero derivare all&#8217;utente a causa di un malfunzionamento del Sito. L&#8217;Istituto per lo sport del Comune di Capodistria si riserva il diritto di modificare il Sito in qualsiasi momento senza preavviso.<\/p>\n<h3>Tutela dei dati personali<\/h3>\n<p>Tutti i dati personali acquisiti dall&#8217;Istituto per lo sport del Comune di Capodistria tramite il Sito sono destinati esclusivamente per uso interno e sono protetti in conformit\u00e0 alla Legge sulla protezione dei dati personali (Gazzetta Ufficiale della Repubblica di Slovenia n. 59\/1999, 57\/2001, 59\/2001) e al Codice Civile.<\/p>\n<h3>Generale<\/h3>\n<p>Eventuali controversie derivanti dall&#8217;uso del Sito saranno regolate dalla legislazione slovena. Il tribunale competente per la risoluzione di eventuali controversie \u00e8 quello di Capodistria. Utilizzando il Sito, l&#8217;utente conferma di aver accettato i termini e le condizioni descritte qui sopra e di essere d&#8217;accordo con essi.<\/p>\n","protected":false},"excerpt":{"rendered":"<p>Diritti di propriet\u00e0 intellettuale Il sito web, ai fini di questa comunicazione legale, si riferisce a tutte le pagine web all&#8217;indirizzo www.sportkoper.si (di seguito: il Sito). Il titolare dei diritti d&#8217;autore su tutte le opere presenti nel Sito \u00e8 l&#8217;Istituto per lo sport del Comune di Capodistria. Tutti i diritti riservati. L&#8217;utente pu\u00f2 utilizzare i<\/p>\n","protected":false},"author":16,"featured_media":0,"parent":0,"menu_order":0,"comment_status":"closed","ping_status":"open","template":"","meta":{"_acf_changed":false,"inline_featured_image":false,"footnotes":""},"class_list":["post-2119","page","type-page","status-publish","hentry"],"acf":[],"_links":{"self":[{"href":"https:\/\/sportkoper.si\/it\/wp-json\/wp\/v2\/pages\/2119","targetHints":{"allow":["GET"]}}],"collection":[{"href":"https:\/\/sportkoper.si\/it\/wp-json\/wp\/v2\/pages"}],"about":[{"href":"https:\/\/sportkoper.si\/it\/wp-json\/wp\/v2\/types\/page"}],"author":[{"embeddable":true,"href":"https:\/\/sportkoper.si\/it\/wp-json\/wp\/v2\/users\/16"}],"replies":[{"embeddable":true,"href":"https:\/\/sportkoper.si\/it\/wp-json\/wp\/v2\/comments?post=2119"}],"version-history":[{"count":0,"href":"https:\/\/sportkoper.si\/it\/wp-json\/wp\/v2\/pages\/2119\/revisions"}],"wp:attachment":[{"href":"https:\/\/sportkoper.si\/it\/wp-json\/wp\/v2\/media?parent=2119"}],"curies":[{"name":"wp","href":"https:\/\/api.w.org\/{rel}","templated":true}]}}