{"id":2124,"date":"2020-10-06T13:22:53","date_gmt":"2020-10-06T11:22:53","guid":{"rendered":"https:\/\/sportkoper.si\/splosni-pogoji\/"},"modified":"2023-06-01T14:34:36","modified_gmt":"2023-06-01T12:34:36","slug":"termini-e-condizioni","status":"publish","type":"page","link":"https:\/\/sportkoper.si\/it\/termini-e-condizioni\/","title":{"rendered":"Termini e condizioni"},"content":{"rendered":"<h2>Politica sulla privacy<\/h2>\n<p>Siamo consapevoli dell&#8217;importanza della protezione dei dati personali, in particolare perch\u00e9 li utilizziamo per fornire servizi e informazioni pi\u00f9 pertinenti ai nostri visitatori. Il Regolamento generale sulla protezione dei dati (GDPR) adottato dall&#8217;Unione europea impone standard elevati che stabiliscono come vengono raccolti, conservati i vostri dati, vi permette di accedervi e richiedere la cancellazione e molto altro ancora. In conformit\u00e0 con la legge e la nostra consapevolezza dell&#8217;importanza di questa materia, abbiamo preparato spiegazioni sulla sicurezza dei vostri dati e sui diritti che avete come titolari dei dati. Pertanto, si prega di leggere attentamente questa informativa prima di fornire il consenso alla raccolta o all&#8217;elaborazione dei vostri dati personali.<\/p>\n<h3>Cosa sono i dati personali<\/h3>\n<p>I dati personali sono qualsiasi informazione relativa a una persona fisica, ovvero a un individuo, indipendentemente dalla forma in cui sono espressi. Si tratta di dati che consentono di identificarvi, come il nome, il cognome, l&#8217;indirizzo email, ecc.<br \/>\nIl responsabile del trattamento dei dati personali sul sito web \u00e8 ZAVOD ZA \u0160PORT MESTNE OB\u010cINE KOPER, Cesta Zore &#8211; Perello Godina 3, 6000 Koper, numero di registrazione 1870998000.<\/p>\n<h3>Dove conserviamo i vostri dati personali e per quanto tempo<\/h3>\n<p>I dati personali che ci fornite digitalmente vengono memorizzati su server forniti da un provider di hosting, e possono essere conservati anche presso aziende di cui utilizziamo gli strumenti. Ad esempio, il provider di strumenti per la comunicazione via email conserva i dati sugli indirizzi dei destinatari. I dati personali raccolti vengono conservati fino a quando ci informate che non acconsentite pi\u00f9 alla loro conservazione e trattamento o per il tempo necessario per raggiungere lo scopo per cui sono stati raccolti, o per soddisfare gli obblighi di legge.<\/p>\n<h3>Raccolta, trattamento e utilizzo dei dati personali<\/h3>\n<p>Raccogliamo, gestiamo e trattiamo i vostri dati personali solo per scopi legalmente previsti o con il vostro esplicito consenso. I dati raccolti con il consenso sono principalmente destinati alla comunicazione con voi e al miglioramento dei servizi offerti. Ci impegniamo a non fornire o vendere i vostri dati personali a terzi senza preavviso e senza ottenere il vostro esplicito consenso scritto.<\/p>\n<h3>Revoca del consenso al trattamento dei dati personali<\/h3>\n<p>Avete il diritto di revocare il consenso al trattamento dei dati personali in qualsiasi momento. Potete revocare il consenso per uno specifico scopo o per tutti gli scopi di trattamento dei dati personali ai quali avete prestato il consenso.<\/p>\n<p>Si prega di inviare una dichiarazione scritta per revocare il consenso al trattamento dei dati personali all&#8217;indirizzo seguente: ZAVOD ZA \u0160PORT MESTNE OB\u010cINE KOPER, Cesta Zore &#8211; Perello Godina 3, 6000 Koper, oppure via email a: <a href=\"mailto:tajnistvo@sportkoper.si\" target=\"_new\" rel=\"noopener\">tajnistvo@sportkoper.si<\/a>.<\/p>\n<p>Nel caso di revoca del consenso per la raccolta o il trattamento dei dati personali, tutti i dati personali raccolti relativi alla richiesta di cancellazione saranno eliminati o esclusi dall&#8217;elaborazione automatica.<\/p>\n<p>La revoca del consenso per il trattamento dei dati personali non influisce sulla liceit\u00e0 del trattamento dei dati riguardanti la tua persona prima della revoca, n\u00e9 sull&#8217;utilizzo di tali dati personali per scopi legalmente determinati.<\/p>\n<p>&nbsp;<\/p>\n<h3>I vostri diritti in materia di protezione dei dati personali<\/h3>\n<p>Diritto all&#8217;oblio\/cancellazione<br \/>\nAvete il diritto di richiedere in qualsiasi momento che il titolare del trattamento corregga o integri i dati personali inesatti o incompleti che vi riguardano.<br \/>\nPotete richiedere in qualsiasi momento l&#8217;accesso ai dati personali che il titolare del trattamento ha raccolto su di voi o la cancellazione immediata dei vostri dati personali.<br \/>\nIn caso di correzione, integrazione o cancellazione dei dati personali, vi informeremo senza indugio di tali modifiche.<\/p>\n<h4>Diritto di limitazione del trattamento dei dati personali<\/h4>\n<p>Avete il diritto di richiedere in qualsiasi momento la limitazione del trattamento dei vostri dati personali in caso di inesattezza, illiceit\u00e0, cessazione della finalit\u00e0 del trattamento o presentazione di un&#8217;obiezione.<\/p>\n<h4>Diritto alla portabilit\u00e0 dei dati<\/h4>\n<p>Avete il diritto di richiedere di ricevere i dati personali che vi riguardano e che sono oggetto di trattamento.<br \/>\nAvete il diritto di richiedere che i dati personali che vi riguardano e che sono oggetto di trattamento vengano trasmessi a un altro titolare del trattamento.<\/p>\n<h4>Diritto di opposizione<\/h4>\n<p>L&#8217;utilizzo dei vostri dati personali per scopi informativi o promozionali richiede il vostro esplicito consenso. Nel caso in cui riceviate contenuti informativi o promozionali sulla base del consenso prestato, potete richiedere per iscritto la cessazione dell&#8217;uso dei vostri dati per tali scopi.<\/p>\n<h4>Diritto di accesso ai dati personali che vi riguardano<\/h4>\n<p>Avete il diritto di ottenere la conferma che vengono trattati dati personali che vi riguardano e di accedere ai dati personali che vi riguardano e alle seguenti informazioni: finalit\u00e0 del trattamento dei dati, tipo di dati personali che vi riguardano, destinatari dei vostri dati personali, periodo di conservazione previsto per i dati personali, fonte dei dati personali.<\/p>\n<h3>Vulnerabilit\u00e0 della protezione dei dati personali<\/h3>\n<p>In caso di vulnerabilit\u00e0 della protezione dei dati personali, informeremo senza indugio, e in ogni caso entro 72 ore dalla conoscenza della vulnerabilit\u00e0, l&#8217;autorit\u00e0 competente per la protezione dei dati personali.<\/p>\n<h3>Informazioni importanti sul trattamento dei vostri dati personali<\/h3>\n<p>Ci impegniamo ad elaborare tutti i dati raccolti solo per le finalit\u00e0 di gestione o trattamento dei dati personali sopra elencate e in conformit\u00e0 con la legge sulla protezione dei dati personali, altre leggi settoriali pertinenti e in conformit\u00e0 con il Regolamento (UE) 2016\/679 sulla protezione delle persone fisiche con riguardo al trattamento dei dati personali (GDPR).<\/p>\n","protected":false},"excerpt":{"rendered":"<p>Politica sulla privacy Siamo consapevoli dell&#8217;importanza della protezione dei dati personali, in particolare perch\u00e9 li utilizziamo per fornire servizi e informazioni pi\u00f9 pertinenti ai nostri visitatori. Il Regolamento generale sulla protezione dei dati (GDPR) adottato dall&#8217;Unione europea impone standard elevati che stabiliscono come vengono raccolti, conservati i vostri dati, vi permette di accedervi e richiedere<\/p>\n","protected":false},"author":16,"featured_media":0,"parent":0,"menu_order":0,"comment_status":"closed","ping_status":"closed","template":"","meta":{"_acf_changed":false,"inline_featured_image":false,"footnotes":""},"class_list":["post-2124","page","type-page","status-publish","hentry"],"acf":[],"_links":{"self":[{"href":"https:\/\/sportkoper.si\/it\/wp-json\/wp\/v2\/pages\/2124","targetHints":{"allow":["GET"]}}],"collection":[{"href":"https:\/\/sportkoper.si\/it\/wp-json\/wp\/v2\/pages"}],"about":[{"href":"https:\/\/sportkoper.si\/it\/wp-json\/wp\/v2\/types\/page"}],"author":[{"embeddable":true,"href":"https:\/\/sportkoper.si\/it\/wp-json\/wp\/v2\/users\/16"}],"replies":[{"embeddable":true,"href":"https:\/\/sportkoper.si\/it\/wp-json\/wp\/v2\/comments?post=2124"}],"version-history":[{"count":0,"href":"https:\/\/sportkoper.si\/it\/wp-json\/wp\/v2\/pages\/2124\/revisions"}],"wp:attachment":[{"href":"https:\/\/sportkoper.si\/it\/wp-json\/wp\/v2\/media?parent=2124"}],"curies":[{"name":"wp","href":"https:\/\/api.w.org\/{rel}","templated":true}]}}